{"id":509,"date":"2024-09-11T18:30:49","date_gmt":"2024-09-11T21:30:49","guid":{"rendered":"https:\/\/embragen.siteup.dev\/?page_id=509"},"modified":"2024-12-04T12:47:21","modified_gmt":"2024-12-04T15:47:21","slug":"politica-de-privacidade","status":"publish","type":"page","link":"https:\/\/embragen.com.br\/en\/politica-de-privacidade\/","title":{"rendered":"Aviso de Privacidade"},"content":{"rendered":"<h1 style=\"text-align: center;\">Aviso de Privacidade<\/h1>\n<p><strong>1. Introdu\u00e7\u00e3o<\/strong><\/p>\n<p>A Embragen Empresa Brasileira de Armaz\u00e9ns Gerais e Entrepostos Ltda., (\u201cEmbragen\u201d), tem o compromisso de proteger a privacidade dos dados e informa\u00e7\u00f5es pessoais.<\/p>\n<p>Na forma da Lei Geral de Prote\u00e7\u00e3o de Dados (LGPD) a Embragen estabelece a Pol\u00edtica de Privacidade e Prote\u00e7\u00e3o de Dados (\u201cPolitica\u201d), cujos termos determinam a forma, uso e tratamento de dados e informa\u00e7\u00f5es pessoais aplic\u00e1veis nos processos de neg\u00f3cios da Embragen, considerando a prote\u00e7\u00e3o dos direitos fundamentais de liberdade e de privacidade, o livre desenvolvimento da personalidade da pessoa natural, tendo por base os seguintes fundamentos:<\/p>\n<p>I. O respeito \u00e0 privacidade;<br \/>\nII. A autodetermina\u00e7\u00e3o informativa;<br \/>\nIII. A liberdade de express\u00e3o, de informa\u00e7\u00e3o, de comunica\u00e7\u00e3o e de opini\u00e3o;<br \/>\nIV. A inviolabilidade da intimidade, da honra e da imagem;<br \/>\nV. O desenvolvimento econ\u00f4mico e tecnol\u00f3gico e a inova\u00e7\u00e3o;<br \/>\nVI. A livre iniciativa, a livre concorr\u00eancia e a defesa do consumidor; e<br \/>\nVII. Os direitos humanos, o livre desenvolvimento da personalidade, a dignidade e o exerc\u00edcio da cidadania pelas pessoas naturais.<\/p>\n<p>Esta pol\u00edtica se aplica ao processamento de dados pessoais coletados pela Embragen, direta ou indiretamente, de todos os indiv\u00edduos, incluindo, mas n\u00e3o limitados aos atuais, futuros ou potenciais candidatos a emprego, colaboradores, terceiros, clientes, fornecedores, contratados\/subcontratados, parceiros de neg\u00f3cio, s\u00f3cios, acionistas ou qualquer pessoa, com \u201cDados Pessoais\u201d definidos como quaisquer dados que se relacionem com um indiv\u00edduo identificado ou identific\u00e1vel ou uma pessoa que possa ser identificada por meios razoavelmente prov\u00e1veis de serem usados.<\/p>\n<p>Todas as opera\u00e7\u00f5es de tratamento de dados da Embragen est\u00e3o conson\u00e2ncia com as hip\u00f3teses e fins previstos na LGPD, as chamadas bases legais de tratamento de dados pessoais, nas quais se destacam:<\/p>\n<p>I. Dados fornecidos mediante o consentimento do titular;<br \/>\nII. Dados fornecidos para o cumprimento de obriga\u00e7\u00e3o legal ou regulat\u00f3ria pela Embragen<br \/>\nIII. Dados fornecidos, quando necess\u00e1rio, para a execu\u00e7\u00e3o de contrato ou de procedimentos preliminares relacionados a contrato do qual seja parte o titular, a pedido do titular dos dados;<br \/>\nIV. Dados fornecidos para o exerc\u00edcio regular de direitos em processo judicial, administrativo ou arbitral, esse \u00faltimo nos termos da Lei n\u00ba 9.307, de 23 de setembro de 1996 (Lei de Arbitragem);<br \/>\nV. Dados fornecidos\/obtidos para a prote\u00e7\u00e3o da vida ou da incolumidade f\u00edsica do titular ou de terceiros;<br \/>\nVI. Quando necess\u00e1rio para atender aos interesses leg\u00edtimos da Embragen ou de terceiros, exceto no caso de prevalecerem direitos e liberdades fundamentais do titular que exijam a prote\u00e7\u00e3o dos dados pessoais;<br \/>\nVII. Para a prote\u00e7\u00e3o do cr\u00e9dito, inclusive quanto ao disposto na legisla\u00e7\u00e3o pertinente.<\/p>\n<p><strong>2. Tratamento dos Dados Pessoais<\/strong><\/p>\n<p>O tratamento de dados pessoais por parte da Embragen considerar\u00e1 as hip\u00f3teses de tratamento descritas acima, bem como observar\u00e1 a boa-f\u00e9 e os demais princ\u00edpios estabelecidos no ordenamento jur\u00eddico:<\/p>\n<p>a) Finalidade: realiza\u00e7\u00e3o do tratamento para prop\u00f3sitos leg\u00edtimos, espec\u00edficos, expl\u00edcitos e informados ao titular, sem possibilidade de tratamento posterior de forma incompat\u00edvel com essas finalidades. O tratamento posterior somente ser\u00e1 poss\u00edvel se for compat\u00edvel com esses prop\u00f3sitos e finalidades. No caso da organiza\u00e7\u00e3o, a finalidade relaciona-se com a execu\u00e7\u00e3o de suas atividades cotidianas vinculadas com a sua atividade fim, devidamente estabelecida em lei, e com o cumprimento de obriga\u00e7\u00e3o legal ou regulat\u00f3ria;<br \/>\nb) Adequa\u00e7\u00e3o: compatibilidade do tratamento com as finalidades informadas ao titular, de acordo com o contexto do tratamento;<br \/>\nc) Necessidade: limita\u00e7\u00e3o do tratamento ao m\u00ednimo necess\u00e1rio para a realiza\u00e7\u00e3o de suas finalidades, com abrang\u00eancia dos dados pertinentes, proporcionais e n\u00e3o excessivos em rela\u00e7\u00e3o \u00e0s finalidades do tratamento de dados;<br \/>\nd) Livre acesso: garantia, aos titulares, de consulta facilitada e gratuita sobre a forma e a dura\u00e7\u00e3o do tratamento, bem como sobre a integralidade de seus dados pessoais;<br \/>\ne) Qualidade dos dados: garantia, aos titulares, de exatid\u00e3o, clareza, relev\u00e2ncia e atualiza\u00e7\u00e3o dos dados, de acordo com a necessidade e para o cumprimento da finalidade de seu tratamento;<br \/>\nf) Transpar\u00eancia: garantia, aos titulares, de informa\u00e7\u00f5es claras, precisas e facilmente acess\u00edveis sobre a realiza\u00e7\u00e3o do tratamento e os respectivos agentes de tratamento, observados os segredos comercial e industrial;<br \/>\ng) Seguran\u00e7a: utiliza\u00e7\u00e3o de medidas t\u00e9cnicas e administrativas aptas a proteger os dados pessoais de acessos n\u00e3o autorizados e de situa\u00e7\u00f5es acidentais ou il\u00edcitas de destrui\u00e7\u00e3o, perda, altera\u00e7\u00e3o, comunica\u00e7\u00e3o ou difus\u00e3o;<br \/>\nh) Preven\u00e7\u00e3o: ado\u00e7\u00e3o de medidas para prevenir a ocorr\u00eancia de danos em virtude do tratamento de dados pessoais;<br \/>\ni) N\u00e3o discrimina\u00e7\u00e3o: impossibilidade de realiza\u00e7\u00e3o do tratamento para fins discriminat\u00f3rios il\u00edcitos ou abusivos;<br \/>\nj) Responsabiliza\u00e7\u00e3o e presta\u00e7\u00e3o de contas: demonstra\u00e7\u00e3o, pelo agente, da ado\u00e7\u00e3o de medidas eficazes e capazes de comprovar a observ\u00e2ncia e o cumprimento das normas de prote\u00e7\u00e3o de dados pessoais e, inclusive, da efic\u00e1cia dessas medidas.<\/p>\n<p><strong>3. Coleta<\/strong><\/p>\n<p>A coleta \u00e9 uma das opera\u00e7\u00f5es de tratamento poss\u00edveis de serem realizadas com os dados pessoais dos titulares. Considerando que o tratamento de dados pode ser representado por um ciclo de vida, essa opera\u00e7\u00e3o representa a etapa inicial respons\u00e1vel por obter os dados pessoais do cidad\u00e3o (titular dos dados).<br \/>\nTendo em vista que a coleta \u00e9 a opera\u00e7\u00e3o inicial de tratamento dos dados pessoais, a realiza\u00e7\u00e3o de tal opera\u00e7\u00e3o pela Embragen deve ser realizada mediante o atendimento das hip\u00f3teses de tratamento estabelecidas na LGPD, dos direitos do titular e demais princ\u00edpios e regras estabelecidas no ordenamento jur\u00eddico.<\/p>\n<p><strong>4. Direitos do Titular<\/strong><\/p>\n<p>A Embragen atender\u00e1 as solicita\u00e7\u00f5es dos titulares dos dados pessoais, que poder\u00e3o, obter, atrav\u00e9s de requisi\u00e7\u00e3o:<br \/>\nI. A confirma\u00e7\u00e3o da exist\u00eancia de tratamento de dados pessoais pela Embragen;<br \/>\nII. O acesso aos dados pessoais do titular;<br \/>\nIII. A corre\u00e7\u00e3o de dados incompletos, inexatos ou desatualizados;<br \/>\nIV. A anonimiza\u00e7\u00e3o, bloqueio ou elimina\u00e7\u00e3o de dados desnecess\u00e1rios, excessivos ou tratados em desconformidade com a legisla\u00e7\u00e3o aplic\u00e1vel;<br \/>\nV. A portabilidade dos dados a outro fornecedor de servi\u00e7o ou produto, mediante requisi\u00e7\u00e3o expressa, de acordo com a legisla\u00e7\u00e3o vigente, observados os segredos comercial e industrial. Esta portabilidade n\u00e3o contempla dados que j\u00e1 tenham sido alvo de anonimiza\u00e7\u00e3o;<br \/>\nVI. A elimina\u00e7\u00e3o dos dados pessoais tratados com o consentimento do titular, exceto quando estes forem necess\u00e1rios para o cumprimento de obriga\u00e7\u00e3o legal\/regulat\u00f3ria da Embragen;<br \/>\nVII. A informa\u00e7\u00e3o das entidades p\u00fablicas e privadas com as quais a Embragen realizou uso compartilhado de dados;<br \/>\nVIII. A informa\u00e7\u00e3o sobre a possibilidade de n\u00e3o fornecer consentimento e sobre as consequ\u00eancias da negativa;<br \/>\nIX. A revoga\u00e7\u00e3o do consentimento quando todos os tratamentos realizados anteriormente, ser\u00e3o considerados normalmente;<br \/>\nX. A revis\u00e3o de decis\u00f5es tomadas unicamente com base em tratamento automatizado de dados pessoais, que por consequ\u00eancia afetem os interesses dos titulares de dados, no que se refere inclusive a decis\u00f5es destinadas a defini\u00e7\u00e3o de seu perfil profissional, de consumo, de cr\u00e9dito, ou aspectos de sua personalidade;<br \/>\nXI. A oposi\u00e7\u00e3o ao tratamento realizado com fundamento em uma das hip\u00f3teses de dispensa de consentimento.<\/p>\n<p><strong>5. Cookies<\/strong><\/p>\n<p>O site da Embragen tem a funcionalidade de gerar cookies, pequenos arquivos enviados pelo Site que s\u00e3o salvos nos dispositivos do visitante. Os cookies podem aprimorar a experi\u00eancia do usu\u00e1rio on-line, salvando suas prefer\u00eancias enquanto visita o site.<\/p>\n<p>A Embragen informar\u00e1 os tipos de cookies usados e como desativ\u00e1-los. Quando exigido por lei, o visitante poder\u00e1 recusar o uso de cookies, diretamente do seu dispositivo.<\/p>\n<p><strong>6. Seguran\u00e7a da Informa\u00e7\u00e3o<\/strong><\/p>\n<p>A Embragen adota medidas t\u00e9cnicas e organizacionais adequadas para prote\u00e7\u00e3o dos dados pessoais dos titulares contra altera\u00e7\u00e3o ou perda acidental ou ilegal, ou de uso, divulga\u00e7\u00e3o ou acesso n\u00e3o autorizado, e, tem o compromisso com a aplica\u00e7\u00e3o das medidas e salvaguardas de dados, baseadas no princ\u00edpio do respeito a privacidade dos dados.<br \/>\nA Embragen realiza avalia\u00e7\u00e3o de impacto de privacidade para adotar salvaguardas adequadas visando proteger os dados pessoais.<\/p>\n<p><strong>7. Atualiza\u00e7\u00e3o da Pol\u00edtica<\/strong><\/p>\n<p>A Embragen poder\u00e1 atualizar e\/ou modificar esta Pol\u00edtica, \u00e0 medida que ocorra mudan\u00e7a nas normas legais que regem a mat\u00e9ria, ou em suas opera\u00e7\u00f5es. Havendo altera\u00e7\u00f5es estas ser\u00e3o publicadas no site da Embragen quando estas entrarem em vigor.<\/p>\n<p><strong>8. Exerc\u00edcio dos Direitos do Titular<\/strong><\/p>\n<p>Quaisquer d\u00favidas sobre alguma das opera\u00e7\u00f5es de tratamento de dados pessoais realizada pela Embragen, bem como reclama\u00e7\u00f5es, comunica\u00e7\u00f5es e pedidos de esclarecimentos, poder\u00e3o ser encaminhados para: <a href=\"mailto:dpo@embragen.com.br\" target=\"_blank\" rel=\"noopener\">dpo@embragen.com.br<\/a><\/p>\n<p>Encarregado de dados: LF Consultoria (representante legal: Luiz Ant\u00f4nio Ferraro Mathias).<\/p>\n<p><strong>Relat\u00f3rio de Cookies e Tags<\/strong><br \/>\n<strong>Data do scan:<\/strong> 16-10-2024 20:17 (GMT)<br \/>\n<strong>Total de cookies identificados:<\/strong> 9<br \/>\n<strong>URL escaneada:<\/strong> <a href=\"https:\/\/embragen.com.br\/en\/\" target=\"_new\" rel=\"noopener\">https:\/\/embragen.com.br\/<\/a><br \/>\n<strong>Categorias de cookies:<\/strong><\/p>\n<ul>\n<li>Necess\u00e1rios: 2<\/li>\n<li>Performance: 0<\/li>\n<li>Funcionais: 0<\/li>\n<li>Marketing: 0<\/li>\n<li>Estat\u00edsticas: 0<\/li>\n<li>Desconhecidos: 0<\/li>\n<\/ul>\n<hr \/>\n<h3>Descri\u00e7\u00e3o das Tags<\/h3>\n<ol>\n<li><strong>Google Analytics<\/strong>\n<ul>\n<li><strong>Descri\u00e7\u00e3o:<\/strong> Aplicativo de an\u00e1lise de tr\u00e1fego que fornece estat\u00edsticas em tempo real e an\u00e1lise da intera\u00e7\u00e3o do usu\u00e1rio com o site.<\/li>\n<\/ul>\n<\/li>\n<li><strong>AdOpt<\/strong>\n<ul>\n<li><strong>Descri\u00e7\u00e3o:<\/strong> Plataforma de gest\u00e3o de privacidade que \u00e9 segura, intuitiva e otimizada para design e performance.<\/li>\n<\/ul>\n<\/li>\n<\/ol>\n<hr \/>\n<h3>Detalhes dos Cookies Necess\u00e1rios<\/h3>\n<p><strong>Google Analytics<\/strong><\/p>\n<ul>\n<li><strong>_ga_LN732SWVKL<\/strong>\n<ul>\n<li><strong>Expira\u00e7\u00e3o:<\/strong> 400 dias<\/li>\n<li><strong>Origem:<\/strong> <a href=\"https:\/\/embragen.com.br\/en\/\" target=\"_new\" rel=\"noopener\">https:\/\/embragen.com.br\/<\/a> -&gt; <a target=\"_new\" rel=\"noopener\">https:\/\/www.googletagmanager.com\/gtag\/js?id=GLN732SWVKL<\/a><\/li>\n<li><strong>Bloqueado:<\/strong> N\u00e3o<\/li>\n<li><strong>Descri\u00e7\u00e3o:<\/strong> Identifica\u00e7\u00e3o de usu\u00e1rios<\/li>\n<\/ul>\n<\/li>\n<li><strong>_ga<\/strong>\n<ul>\n<li><strong>Expira\u00e7\u00e3o:<\/strong> 400 dias<\/li>\n<li><strong>Origem:<\/strong> <a href=\"https:\/\/embragen.com.br\/en\/\" target=\"_new\" rel=\"noopener\">https:\/\/embragen.com.br\/<\/a> -&gt; <a target=\"_new\" rel=\"noopener\">https:\/\/www.googletagmanager.com\/gtag\/js?id=GLN732SWVKL<\/a><\/li>\n<li><strong>Bloqueado:<\/strong> N\u00e3o<\/li>\n<li><strong>Descri\u00e7\u00e3o:<\/strong> Registra e conta visualiza\u00e7\u00f5es de p\u00e1gina para o Google<\/li>\n<\/ul>\n<\/li>\n<\/ul>\n<p><strong>AdOpt<\/strong><\/p>\n<ul>\n<li><strong>AdoptVisitorId<\/strong>\n<ul>\n<li><strong>Expira\u00e7\u00e3o:<\/strong> 60 dias<\/li>\n<li><strong>Origem:<\/strong> <a href=\"https:\/\/embragen.com.br\/en\/\" target=\"_new\" rel=\"noopener\">https:\/\/embragen.com.br\/<\/a><\/li>\n<li><strong>Bloqueado:<\/strong> N\u00e3o<\/li>\n<li><strong>Descri\u00e7\u00e3o:<\/strong> Identificador anonimizado do visitante para garantir o funcionamento da Tag da AdOpt em navegadores sem suporte a cookies de terceiros.<\/li>\n<\/ul>\n<\/li>\n<li><strong>AdoptConsent<\/strong>\n<ul>\n<li><strong>Expira\u00e7\u00e3o:<\/strong> 60 dias<\/li>\n<li><strong>Origem:<\/strong> <a href=\"https:\/\/embragen.com.br\/en\/\" target=\"_new\" rel=\"noopener\">https:\/\/embragen.com.br\/<\/a><\/li>\n<li><strong>Bloqueado:<\/strong> Sim<\/li>\n<li><strong>Descri\u00e7\u00e3o:<\/strong> Armazena o consentimento do visitante (cookie de terceiros)<\/li>\n<\/ul>\n<\/li>\n<li><strong>adoptConsentMode<\/strong>\n<ul>\n<li><strong>Expira\u00e7\u00e3o:<\/strong> 1 segundo<\/li>\n<li><strong>Origem:<\/strong> <a href=\"https:\/\/embragen.com.br\/en\/\" target=\"_new\" rel=\"noopener\">https:\/\/embragen.com.br\/<\/a><\/li>\n<li><strong>Bloqueado:<\/strong> N\u00e3o<\/li>\n<li><strong>Descri\u00e7\u00e3o:<\/strong> Controla a configura\u00e7\u00e3o do ConsentMode<\/li>\n<\/ul>\n<\/li>\n<li><strong>AdoptGD1729109899053<\/strong>\n<ul>\n<li><strong>Expira\u00e7\u00e3o:<\/strong> 1 segundo<\/li>\n<li><strong>Origem:<\/strong> <a href=\"https:\/\/embragen.com.br\/en\/\" target=\"_new\" rel=\"noopener\">https:\/\/embragen.com.br\/<\/a><\/li>\n<li><strong>Bloqueado:<\/strong> N\u00e3o<\/li>\n<li><strong>Descri\u00e7\u00e3o:<\/strong> Verifica o dom\u00ednio e subdom\u00ednio do consentimento<\/li>\n<\/ul>\n<\/li>\n<\/ul>\n<p><strong>Armazenamento Local (Local Storage) &#8211; AdOpt<\/strong><\/p>\n<ul>\n<li><strong>AdoptVisitorId<\/strong>\n<ul>\n<li><strong>Origem:<\/strong> <a href=\"https:\/\/embragen.com.br\/en\/\" target=\"_new\" rel=\"noopener\">https:\/\/embragen.com.br\/<\/a><\/li>\n<li><strong>Bloqueado:<\/strong> N\u00e3o<\/li>\n<li><strong>Descri\u00e7\u00e3o:<\/strong> Guarda o Id do visitante<\/li>\n<\/ul>\n<\/li>\n<li><strong>AdoptConsent<\/strong>\n<ul>\n<li><strong>Origem:<\/strong> <a href=\"https:\/\/embragen.com.br\/en\/\" target=\"_new\" rel=\"noopener\">https:\/\/embragen.com.br\/<\/a><\/li>\n<li><strong>Bloqueado:<\/strong> N\u00e3o<\/li>\n<li><strong>Descri\u00e7\u00e3o:<\/strong> Guarda uma c\u00f3pia do \u00faltimo consentimento enviado<\/li>\n<\/ul>\n<\/li>\n<li><strong>adoptConsentMode<\/strong>\n<ul>\n<li><strong>Origem:<\/strong> <a href=\"https:\/\/embragen.com.br\/en\/\" target=\"_new\" rel=\"noopener\">https:\/\/embragen.com.br\/<\/a><\/li>\n<li><strong>Bloqueado:<\/strong> Sim<\/li>\n<li><strong>Descri\u00e7\u00e3o:<\/strong> Usado para configurar o Google Consent Mode<\/li>\n<\/ul>\n<\/li>\n<\/ul>","protected":false},"excerpt":{"rendered":"<p>Aviso de Privacidade 1. Introdu\u00e7\u00e3o A Embragen Empresa Brasileira de Armaz\u00e9ns Gerais e Entrepostos Ltda., (\u201cEmbragen\u201d), tem o compromisso de proteger a privacidade dos dados e informa\u00e7\u00f5es pessoais. Na forma da Lei Geral de Prote\u00e7\u00e3o de Dados (LGPD) a Embragen estabelece a Pol\u00edtica de Privacidade e Prote\u00e7\u00e3o de Dados (\u201cPolitica\u201d), cujos termos determinam a forma, [&hellip;]<\/p>","protected":false},"author":2,"featured_media":0,"parent":0,"menu_order":0,"comment_status":"closed","ping_status":"closed","template":"template-pages\/politica-de-privacidade.php","meta":{"_acf_changed":false,"inline_featured_image":false,"footnotes":""},"class_list":["post-509","page","type-page","status-publish","hentry"],"acf":[],"yoast_head":"<!-- This site is optimized with the Yoast SEO plugin v27.2 - https:\/\/yoast.com\/product\/yoast-seo-wordpress\/ -->\n<title>Aviso de Privacidade - Embragen<\/title>\n<meta name=\"robots\" content=\"index, follow, max-snippet:-1, max-image-preview:large, max-video-preview:-1\" \/>\n<link rel=\"canonical\" href=\"https:\/\/embragen.com.br\/en\/politica-de-privacidade\/\" \/>\n<meta property=\"og:locale\" content=\"en_US\" \/>\n<meta property=\"og:type\" content=\"article\" \/>\n<meta property=\"og:title\" content=\"Aviso de Privacidade - Embragen\" \/>\n<meta property=\"og:description\" content=\"Aviso de Privacidade 1. Introdu\u00e7\u00e3o A Embragen Empresa Brasileira de Armaz\u00e9ns Gerais e Entrepostos Ltda., (\u201cEmbragen\u201d), tem o compromisso de proteger a privacidade dos dados e informa\u00e7\u00f5es pessoais. Na forma da Lei Geral de Prote\u00e7\u00e3o de Dados (LGPD) a Embragen estabelece a Pol\u00edtica de Privacidade e Prote\u00e7\u00e3o de Dados (\u201cPolitica\u201d), cujos termos determinam a forma, [&hellip;]\" \/>\n<meta property=\"og:url\" content=\"https:\/\/embragen.com.br\/en\/politica-de-privacidade\/\" \/>\n<meta property=\"og:site_name\" content=\"Embragen\" \/>\n<meta property=\"article:modified_time\" content=\"2024-12-04T15:47:21+00:00\" \/>\n<meta name=\"twitter:card\" content=\"summary_large_image\" \/>\n<meta name=\"twitter:label1\" content=\"Est. reading time\" \/>\n\t<meta name=\"twitter:data1\" content=\"9 minutes\" \/>\n<script type=\"application\/ld+json\" class=\"yoast-schema-graph\">{\"@context\":\"https:\/\/schema.org\",\"@graph\":[{\"@type\":\"WebPage\",\"@id\":\"https:\/\/embragen.com.br\/politica-de-privacidade\/\",\"url\":\"https:\/\/embragen.com.br\/politica-de-privacidade\/\",\"name\":\"Aviso de Privacidade - Embragen\",\"isPartOf\":{\"@id\":\"https:\/\/embragen.com.br\/#website\"},\"datePublished\":\"2024-09-11T21:30:49+00:00\",\"dateModified\":\"2024-12-04T15:47:21+00:00\",\"inLanguage\":\"en-US\",\"potentialAction\":[{\"@type\":\"ReadAction\",\"target\":[\"https:\/\/embragen.com.br\/politica-de-privacidade\/\"]}]},{\"@type\":\"WebSite\",\"@id\":\"https:\/\/embragen.com.br\/#website\",\"url\":\"https:\/\/embragen.com.br\/\",\"name\":\"Embragen\",\"description\":\"\",\"publisher\":{\"@id\":\"https:\/\/embragen.com.br\/#organization\"},\"potentialAction\":[{\"@type\":\"SearchAction\",\"target\":{\"@type\":\"EntryPoint\",\"urlTemplate\":\"https:\/\/embragen.com.br\/?s={search_term_string}\"},\"query-input\":{\"@type\":\"PropertyValueSpecification\",\"valueRequired\":true,\"valueName\":\"search_term_string\"}}],\"inLanguage\":\"en-US\"},{\"@type\":\"Organization\",\"@id\":\"https:\/\/embragen.com.br\/#organization\",\"name\":\"Embragen\",\"url\":\"https:\/\/embragen.com.br\/\",\"logo\":{\"@type\":\"ImageObject\",\"inLanguage\":\"en-US\",\"@id\":\"https:\/\/embragen.com.br\/#\/schema\/logo\/image\/\",\"url\":\"https:\/\/embragen.com.br\/wp-content\/uploads\/2024\/09\/embragen_logo.svg\",\"contentUrl\":\"https:\/\/embragen.com.br\/wp-content\/uploads\/2024\/09\/embragen_logo.svg\",\"width\":90,\"height\":64,\"caption\":\"Embragen\"},\"image\":{\"@id\":\"https:\/\/embragen.com.br\/#\/schema\/logo\/image\/\"}}]}<\/script>\n<!-- \/ Yoast SEO plugin. -->","yoast_head_json":{"title":"Aviso de Privacidade - Embragen","robots":{"index":"index","follow":"follow","max-snippet":"max-snippet:-1","max-image-preview":"max-image-preview:large","max-video-preview":"max-video-preview:-1"},"canonical":"https:\/\/embragen.com.br\/en\/politica-de-privacidade\/","og_locale":"en_US","og_type":"article","og_title":"Aviso de Privacidade - Embragen","og_description":"Aviso de Privacidade 1. Introdu\u00e7\u00e3o A Embragen Empresa Brasileira de Armaz\u00e9ns Gerais e Entrepostos Ltda., (\u201cEmbragen\u201d), tem o compromisso de proteger a privacidade dos dados e informa\u00e7\u00f5es pessoais. Na forma da Lei Geral de Prote\u00e7\u00e3o de Dados (LGPD) a Embragen estabelece a Pol\u00edtica de Privacidade e Prote\u00e7\u00e3o de Dados (\u201cPolitica\u201d), cujos termos determinam a forma, [&hellip;]","og_url":"https:\/\/embragen.com.br\/en\/politica-de-privacidade\/","og_site_name":"Embragen","article_modified_time":"2024-12-04T15:47:21+00:00","twitter_card":"summary_large_image","twitter_misc":{"Est. reading time":"9 minutes"},"schema":{"@context":"https:\/\/schema.org","@graph":[{"@type":"WebPage","@id":"https:\/\/embragen.com.br\/politica-de-privacidade\/","url":"https:\/\/embragen.com.br\/politica-de-privacidade\/","name":"Aviso de Privacidade - Embragen","isPartOf":{"@id":"https:\/\/embragen.com.br\/#website"},"datePublished":"2024-09-11T21:30:49+00:00","dateModified":"2024-12-04T15:47:21+00:00","inLanguage":"en-US","potentialAction":[{"@type":"ReadAction","target":["https:\/\/embragen.com.br\/politica-de-privacidade\/"]}]},{"@type":"WebSite","@id":"https:\/\/embragen.com.br\/#website","url":"https:\/\/embragen.com.br\/","name":"Embragen","description":"","publisher":{"@id":"https:\/\/embragen.com.br\/#organization"},"potentialAction":[{"@type":"SearchAction","target":{"@type":"EntryPoint","urlTemplate":"https:\/\/embragen.com.br\/?s={search_term_string}"},"query-input":{"@type":"PropertyValueSpecification","valueRequired":true,"valueName":"search_term_string"}}],"inLanguage":"en-US"},{"@type":"Organization","@id":"https:\/\/embragen.com.br\/#organization","name":"Embragen","url":"https:\/\/embragen.com.br\/","logo":{"@type":"ImageObject","inLanguage":"en-US","@id":"https:\/\/embragen.com.br\/#\/schema\/logo\/image\/","url":"https:\/\/embragen.com.br\/wp-content\/uploads\/2024\/09\/embragen_logo.svg","contentUrl":"https:\/\/embragen.com.br\/wp-content\/uploads\/2024\/09\/embragen_logo.svg","width":90,"height":64,"caption":"Embragen"},"image":{"@id":"https:\/\/embragen.com.br\/#\/schema\/logo\/image\/"}}]}},"_links":{"self":[{"href":"https:\/\/embragen.com.br\/en\/wp-json\/wp\/v2\/pages\/509","targetHints":{"allow":["GET"]}}],"collection":[{"href":"https:\/\/embragen.com.br\/en\/wp-json\/wp\/v2\/pages"}],"about":[{"href":"https:\/\/embragen.com.br\/en\/wp-json\/wp\/v2\/types\/page"}],"author":[{"embeddable":true,"href":"https:\/\/embragen.com.br\/en\/wp-json\/wp\/v2\/users\/2"}],"replies":[{"embeddable":true,"href":"https:\/\/embragen.com.br\/en\/wp-json\/wp\/v2\/comments?post=509"}],"version-history":[{"count":5,"href":"https:\/\/embragen.com.br\/en\/wp-json\/wp\/v2\/pages\/509\/revisions"}],"predecessor-version":[{"id":640,"href":"https:\/\/embragen.com.br\/en\/wp-json\/wp\/v2\/pages\/509\/revisions\/640"}],"wp:attachment":[{"href":"https:\/\/embragen.com.br\/en\/wp-json\/wp\/v2\/media?parent=509"}],"curies":[{"name":"wp","href":"https:\/\/api.w.org\/{rel}","templated":true}]}}