{"id":326,"date":"2024-09-07T16:10:58","date_gmt":"2024-09-07T19:10:58","guid":{"rendered":"https:\/\/embragen.siteup.dev\/?page_id=326"},"modified":"2024-10-10T09:40:35","modified_gmt":"2024-10-10T12:40:35","slug":"consulta","status":"publish","type":"page","link":"https:\/\/embragen.com.br\/en\/query\/","title":{"rendered":"Query"},"content":{"rendered":"","protected":false},"excerpt":{"rendered":"","protected":false},"author":2,"featured_media":0,"parent":0,"menu_order":0,"comment_status":"closed","ping_status":"closed","template":"template-pages\/consulta.php","meta":{"_acf_changed":false,"inline_featured_image":false,"footnotes":""},"class_list":["post-326","page","type-page","status-publish","hentry"],"acf":[],"yoast_head":"<!-- This site is optimized with the Yoast SEO plugin v27.3 - https:\/\/yoast.com\/product\/yoast-seo-wordpress\/ -->\n<title>Consulte sua Carga | Embragen<\/title>\n<meta name=\"description\" content=\"Consulte sua carga online com a Embragen e acompanhe todas as etapas de sua opera\u00e7\u00e3o log\u00edstica de forma f\u00e1cil e segura.\" \/>\n<meta name=\"robots\" content=\"index, follow, max-snippet:-1, max-image-preview:large, max-video-preview:-1\" \/>\n<link rel=\"canonical\" href=\"https:\/\/embragen.com.br\/en\/query\/\" \/>\n<meta property=\"og:locale\" content=\"en_US\" \/>\n<meta property=\"og:type\" content=\"article\" \/>\n<meta property=\"og:title\" content=\"Consulte sua Carga | Embragen\" \/>\n<meta property=\"og:description\" content=\"Consulte sua carga online com a Embragen e acompanhe todas as etapas de sua opera\u00e7\u00e3o log\u00edstica de forma f\u00e1cil e segura.\" \/>\n<meta property=\"og:url\" content=\"https:\/\/embragen.com.br\/en\/query\/\" \/>\n<meta property=\"og:site_name\" content=\"Embragen\" \/>\n<meta property=\"article:modified_time\" content=\"2024-10-10T12:40:35+00:00\" \/>\n<meta name=\"twitter:card\" content=\"summary_large_image\" \/>\n<script type=\"application\/ld+json\" class=\"yoast-schema-graph\">{\"@context\":\"https:\\\/\\\/schema.org\",\"@graph\":[{\"@type\":\"WebPage\",\"@id\":\"https:\\\/\\\/embragen.com.br\\\/consulta\\\/\",\"url\":\"https:\\\/\\\/embragen.com.br\\\/consulta\\\/\",\"name\":\"Consulte sua Carga | Embragen\",\"isPartOf\":{\"@id\":\"https:\\\/\\\/embragen.com.br\\\/#website\"},\"datePublished\":\"2024-09-07T19:10:58+00:00\",\"dateModified\":\"2024-10-10T12:40:35+00:00\",\"description\":\"Consulte sua carga online com a Embragen e acompanhe todas as etapas de sua opera\u00e7\u00e3o log\u00edstica de forma f\u00e1cil e segura.\",\"inLanguage\":\"en-US\",\"potentialAction\":[{\"@type\":\"ReadAction\",\"target\":[\"https:\\\/\\\/embragen.com.br\\\/consulta\\\/\"]}]},{\"@type\":\"WebSite\",\"@id\":\"https:\\\/\\\/embragen.com.br\\\/#website\",\"url\":\"https:\\\/\\\/embragen.com.br\\\/\",\"name\":\"Embragen\",\"description\":\"\",\"publisher\":{\"@id\":\"https:\\\/\\\/embragen.com.br\\\/#organization\"},\"potentialAction\":[{\"@type\":\"SearchAction\",\"target\":{\"@type\":\"EntryPoint\",\"urlTemplate\":\"https:\\\/\\\/embragen.com.br\\\/?s={search_term_string}\"},\"query-input\":{\"@type\":\"PropertyValueSpecification\",\"valueRequired\":true,\"valueName\":\"search_term_string\"}}],\"inLanguage\":\"en-US\"},{\"@type\":\"Organization\",\"@id\":\"https:\\\/\\\/embragen.com.br\\\/#organization\",\"name\":\"Embragen\",\"url\":\"https:\\\/\\\/embragen.com.br\\\/\",\"logo\":{\"@type\":\"ImageObject\",\"inLanguage\":\"en-US\",\"@id\":\"https:\\\/\\\/embragen.com.br\\\/#\\\/schema\\\/logo\\\/image\\\/\",\"url\":\"https:\\\/\\\/embragen.com.br\\\/wp-content\\\/uploads\\\/2024\\\/09\\\/embragen_logo.svg\",\"contentUrl\":\"https:\\\/\\\/embragen.com.br\\\/wp-content\\\/uploads\\\/2024\\\/09\\\/embragen_logo.svg\",\"width\":90,\"height\":64,\"caption\":\"Embragen\"},\"image\":{\"@id\":\"https:\\\/\\\/embragen.com.br\\\/#\\\/schema\\\/logo\\\/image\\\/\"}}]}<\/script>\n<!-- \/ Yoast SEO plugin. -->","yoast_head_json":{"title":"Consulte sua Carga | Embragen","description":"Consulte sua carga online com a Embragen e acompanhe todas as etapas de sua opera\u00e7\u00e3o log\u00edstica de forma f\u00e1cil e segura.","robots":{"index":"index","follow":"follow","max-snippet":"max-snippet:-1","max-image-preview":"max-image-preview:large","max-video-preview":"max-video-preview:-1"},"canonical":"https:\/\/embragen.com.br\/en\/query\/","og_locale":"en_US","og_type":"article","og_title":"Consulte sua Carga | Embragen","og_description":"Consulte sua carga online com a Embragen e acompanhe todas as etapas de sua opera\u00e7\u00e3o log\u00edstica de forma f\u00e1cil e segura.","og_url":"https:\/\/embragen.com.br\/en\/query\/","og_site_name":"Embragen","article_modified_time":"2024-10-10T12:40:35+00:00","twitter_card":"summary_large_image","schema":{"@context":"https:\/\/schema.org","@graph":[{"@type":"WebPage","@id":"https:\/\/embragen.com.br\/consulta\/","url":"https:\/\/embragen.com.br\/consulta\/","name":"Consulte sua Carga | Embragen","isPartOf":{"@id":"https:\/\/embragen.com.br\/#website"},"datePublished":"2024-09-07T19:10:58+00:00","dateModified":"2024-10-10T12:40:35+00:00","description":"Consulte sua carga online com a Embragen e acompanhe todas as etapas de sua opera\u00e7\u00e3o log\u00edstica de forma f\u00e1cil e segura.","inLanguage":"en-US","potentialAction":[{"@type":"ReadAction","target":["https:\/\/embragen.com.br\/consulta\/"]}]},{"@type":"WebSite","@id":"https:\/\/embragen.com.br\/#website","url":"https:\/\/embragen.com.br\/","name":"Embragen","description":"","publisher":{"@id":"https:\/\/embragen.com.br\/#organization"},"potentialAction":[{"@type":"SearchAction","target":{"@type":"EntryPoint","urlTemplate":"https:\/\/embragen.com.br\/?s={search_term_string}"},"query-input":{"@type":"PropertyValueSpecification","valueRequired":true,"valueName":"search_term_string"}}],"inLanguage":"en-US"},{"@type":"Organization","@id":"https:\/\/embragen.com.br\/#organization","name":"Embragen","url":"https:\/\/embragen.com.br\/","logo":{"@type":"ImageObject","inLanguage":"en-US","@id":"https:\/\/embragen.com.br\/#\/schema\/logo\/image\/","url":"https:\/\/embragen.com.br\/wp-content\/uploads\/2024\/09\/embragen_logo.svg","contentUrl":"https:\/\/embragen.com.br\/wp-content\/uploads\/2024\/09\/embragen_logo.svg","width":90,"height":64,"caption":"Embragen"},"image":{"@id":"https:\/\/embragen.com.br\/#\/schema\/logo\/image\/"}}]}},"_links":{"self":[{"href":"https:\/\/embragen.com.br\/en\/wp-json\/wp\/v2\/pages\/326","targetHints":{"allow":["GET"]}}],"collection":[{"href":"https:\/\/embragen.com.br\/en\/wp-json\/wp\/v2\/pages"}],"about":[{"href":"https:\/\/embragen.com.br\/en\/wp-json\/wp\/v2\/types\/page"}],"author":[{"embeddable":true,"href":"https:\/\/embragen.com.br\/en\/wp-json\/wp\/v2\/users\/2"}],"replies":[{"embeddable":true,"href":"https:\/\/embragen.com.br\/en\/wp-json\/wp\/v2\/comments?post=326"}],"version-history":[{"count":5,"href":"https:\/\/embragen.com.br\/en\/wp-json\/wp\/v2\/pages\/326\/revisions"}],"predecessor-version":[{"id":611,"href":"https:\/\/embragen.com.br\/en\/wp-json\/wp\/v2\/pages\/326\/revisions\/611"}],"wp:attachment":[{"href":"https:\/\/embragen.com.br\/en\/wp-json\/wp\/v2\/media?parent=326"}],"curies":[{"name":"wp","href":"https:\/\/api.w.org\/{rel}","templated":true}]}}